{"id":642,"date":"2019-07-26T22:01:02","date_gmt":"2019-07-26T18:01:02","guid":{"rendered":"https:\/\/okap.sc\/okap-cars-kontaktieren\/"},"modified":"2023-08-21T13:59:03","modified_gmt":"2023-08-21T09:59:03","slug":"okap-cars-kontaktieren","status":"publish","type":"page","link":"https:\/\/okap.sc\/de\/okap-cars-kontaktieren\/","title":{"rendered":"Okap Cars kontaktieren"},"content":{"rendered":"\t\t<div data-elementor-type=\"wp-post\" data-elementor-id=\"642\" class=\"elementor elementor-642\" data-elementor-post-type=\"page\">\n\t\t\t\t\t\t<section class=\"elementor-section elementor-top-section elementor-element elementor-element-a642c00 elementor-section-boxed elementor-section-height-default elementor-section-height-default\" data-id=\"a642c00\" data-element_type=\"section\">\n\t\t\t\t\t\t<div class=\"elementor-container elementor-column-gap-wider\">\n\t\t\t\t\t<div class=\"elementor-column elementor-col-50 elementor-top-column elementor-element elementor-element-3372cf8\" data-id=\"3372cf8\" data-element_type=\"column\">\n\t\t\t<div class=\"elementor-widget-wrap elementor-element-populated\">\n\t\t\t\t\t\t<div class=\"elementor-element elementor-element-17046f5 elementor-widget elementor-widget-heading\" data-id=\"17046f5\" data-element_type=\"widget\" data-widget_type=\"heading.default\">\n\t\t\t\t<div class=\"elementor-widget-container\">\n\t\t\t\t\t<h3 class=\"elementor-heading-title elementor-size-default\">Wenn Sie ein Auto reservieren m\u00f6chten, <a href=\"https:\/\/okap.sc\/de\/reservieren-sie-ihren-mietwagen\/\">klicken Sie hier<\/a>.<\/h3>\t\t\t\t<\/div>\n\t\t\t\t<\/div>\n\t\t\t\t<div class=\"elementor-element elementor-element-b862700 elementor-widget elementor-widget-text-editor\" data-id=\"b862700\" data-element_type=\"widget\" data-widget_type=\"text-editor.default\">\n\t\t\t\t<div class=\"elementor-widget-container\">\n\t\t\t\t\t\t\t\t\t<p>Unser B\u00fcro befindet sich in der N\u00e4he der Tankstelle, gegen\u00fcber dem Internationalen Flughafen der Seychellen (SEZ) auf Mah\u00e9.<\/p>\n\t\t\t\t\t\t\t\t<\/div>\n\t\t\t\t<\/div>\n\t\t\t\t<div class=\"elementor-element elementor-element-081031e elementor-hidden-desktop elementor-hidden-tablet elementor-widget elementor-widget-text-editor\" data-id=\"081031e\" data-element_type=\"widget\" data-widget_type=\"text-editor.default\">\n\t\t\t\t<div class=\"elementor-widget-container\">\n\t\t\t\t\t\t\t\t\t<p>Navigieren Sie mit zu unserem B\u00fcro<\/p>\n\t\t\t\t\t\t\t\t<\/div>\n\t\t\t\t<\/div>\n\t\t\t\t<div class=\"elementor-element elementor-element-4ef6af8 elementor-hidden-desktop elementor-hidden-tablet elementor-widget elementor-widget-image\" data-id=\"4ef6af8\" data-element_type=\"widget\" data-widget_type=\"image.default\">\n\t\t\t\t<div class=\"elementor-widget-container\">\n\t\t\t\t\t\t\t\t\t\t\t\t\t\t\t\t<a href=\"https:\/\/waze.com\/ul?ll=-4.671798,55.511180&#038;navigate=yes\">\n\t\t\t\t\t\t\t<img decoding=\"async\" src=\"https:\/\/okap.sc\/wp-content\/uploads\/2018\/10\/waze-logo.svg\" class=\"attachment-full size-full wp-image-251\" alt=\"\" \/>\t\t\t\t\t\t\t\t<\/a>\n\t\t\t\t\t\t\t\t\t\t\t\t\t\t\t<\/div>\n\t\t\t\t<\/div>\n\t\t\t\t<div class=\"elementor-element elementor-element-c27b489 elementor-icon-list--layout-traditional elementor-list-item-link-full_width elementor-widget elementor-widget-icon-list\" data-id=\"c27b489\" data-element_type=\"widget\" data-widget_type=\"icon-list.default\">\n\t\t\t\t<div class=\"elementor-widget-container\">\n\t\t\t\t\t\t\t<ul class=\"elementor-icon-list-items\">\n\t\t\t\t\t\t\t<li class=\"elementor-icon-list-item\">\n\t\t\t\t\t\t\t\t\t\t\t<a href=\"mailto:okap.cars@gmail.com\">\n\n\t\t\t\t\t\t\t\t\t\t\t\t<span class=\"elementor-icon-list-icon\">\n\t\t\t\t\t\t\t<i aria-hidden=\"true\" class=\"far fa-envelope\"><\/i>\t\t\t\t\t\t<\/span>\n\t\t\t\t\t\t\t\t\t\t<span class=\"elementor-icon-list-text\">okap.cars@gmail.com<\/span>\n\t\t\t\t\t\t\t\t\t\t\t<\/a>\n\t\t\t\t\t\t\t\t\t<\/li>\n\t\t\t\t\t\t\t\t<li class=\"elementor-icon-list-item\">\n\t\t\t\t\t\t\t\t\t\t\t<a href=\"tel:+2482512721\">\n\n\t\t\t\t\t\t\t\t\t\t\t\t<span class=\"elementor-icon-list-icon\">\n\t\t\t\t\t\t\t<i aria-hidden=\"true\" class=\"fas fa-phone\"><\/i>\t\t\t\t\t\t<\/span>\n\t\t\t\t\t\t\t\t\t\t<span class=\"elementor-icon-list-text\">+248 251 2721<\/span>\n\t\t\t\t\t\t\t\t\t\t\t<\/a>\n\t\t\t\t\t\t\t\t\t<\/li>\n\t\t\t\t\t\t\t\t<li class=\"elementor-icon-list-item\">\n\t\t\t\t\t\t\t\t\t\t\t<a href=\"tel:+2482641974\">\n\n\t\t\t\t\t\t\t\t\t\t\t\t<span class=\"elementor-icon-list-icon\">\n\t\t\t\t\t\t\t<i aria-hidden=\"true\" class=\"fas fa-phone\"><\/i>\t\t\t\t\t\t<\/span>\n\t\t\t\t\t\t\t\t\t\t<span class=\"elementor-icon-list-text\">+248 264 1974<\/span>\n\t\t\t\t\t\t\t\t\t\t\t<\/a>\n\t\t\t\t\t\t\t\t\t<\/li>\n\t\t\t\t\t\t\t\t<li class=\"elementor-icon-list-item\">\n\t\t\t\t\t\t\t\t\t\t\t<a href=\"https:\/\/wa.me\/2482512721\" target=\"_blank\" rel=\"nofollow\">\n\n\t\t\t\t\t\t\t\t\t\t\t\t<span class=\"elementor-icon-list-icon\">\n\t\t\t\t\t\t\t<i aria-hidden=\"true\" class=\"fab fa-whatsapp\"><\/i>\t\t\t\t\t\t<\/span>\n\t\t\t\t\t\t\t\t\t\t<span class=\"elementor-icon-list-text\">WhatsApp Chat 1<\/span>\n\t\t\t\t\t\t\t\t\t\t\t<\/a>\n\t\t\t\t\t\t\t\t\t<\/li>\n\t\t\t\t\t\t\t\t<li class=\"elementor-icon-list-item\">\n\t\t\t\t\t\t\t\t\t\t\t<a href=\"https:\/\/wa.me\/2482641974\" target=\"_blank\" rel=\"nofollow\">\n\n\t\t\t\t\t\t\t\t\t\t\t\t<span class=\"elementor-icon-list-icon\">\n\t\t\t\t\t\t\t<i aria-hidden=\"true\" class=\"fab fa-whatsapp\"><\/i>\t\t\t\t\t\t<\/span>\n\t\t\t\t\t\t\t\t\t\t<span class=\"elementor-icon-list-text\">WhatsApp Chat 2<\/span>\n\t\t\t\t\t\t\t\t\t\t\t<\/a>\n\t\t\t\t\t\t\t\t\t<\/li>\n\t\t\t\t\t\t<\/ul>\n\t\t\t\t\t\t<\/div>\n\t\t\t\t<\/div>\n\t\t\t\t\t<\/div>\n\t\t<\/div>\n\t\t\t\t<div class=\"elementor-column elementor-col-50 elementor-top-column elementor-element elementor-element-e542fc8\" data-id=\"e542fc8\" data-element_type=\"column\">\n\t\t\t<div class=\"elementor-widget-wrap elementor-element-populated\">\n\t\t\t\t\t\t<div class=\"elementor-element elementor-element-f5f22c5 elementor-widget elementor-widget-shortcode\" data-id=\"f5f22c5\" data-element_type=\"widget\" data-widget_type=\"shortcode.default\">\n\t\t\t\t<div class=\"elementor-widget-container\">\n\t\t\t\t\t\t\t<div class=\"elementor-shortcode\">\n<div class=\"wpcf7 no-js\" id=\"wpcf7-f591-o1\" lang=\"de-DE\" dir=\"ltr\" data-wpcf7-id=\"591\">\n<div class=\"screen-reader-response\"><p role=\"status\" aria-live=\"polite\" aria-atomic=\"true\"><\/p> <ul><\/ul><\/div>\n<form action=\"\/de\/wp-json\/wp\/v2\/pages\/642#wpcf7-f591-o1\" method=\"post\" class=\"wpcf7-form init\" aria-label=\"Kontaktformular\" novalidate=\"novalidate\" data-status=\"init\">\n<fieldset class=\"hidden-fields-container\"><input type=\"hidden\" name=\"_wpcf7\" value=\"591\" \/><input type=\"hidden\" name=\"_wpcf7_version\" value=\"6.1.5\" \/><input type=\"hidden\" name=\"_wpcf7_locale\" value=\"de_DE\" \/><input type=\"hidden\" name=\"_wpcf7_unit_tag\" value=\"wpcf7-f591-o1\" \/><input type=\"hidden\" name=\"_wpcf7_container_post\" value=\"0\" \/><input type=\"hidden\" name=\"_wpcf7_posted_data_hash\" value=\"\" \/><input type=\"hidden\" name=\"_wpcf7cf_hidden_group_fields\" value=\"[]\" \/><input type=\"hidden\" name=\"_wpcf7cf_hidden_groups\" value=\"[]\" \/><input type=\"hidden\" name=\"_wpcf7cf_visible_groups\" value=\"[]\" \/><input type=\"hidden\" name=\"_wpcf7cf_repeaters\" value=\"[]\" \/><input type=\"hidden\" name=\"_wpcf7cf_steps\" value=\"{}\" \/><input type=\"hidden\" name=\"_wpcf7cf_options\" value=\"{&quot;form_id&quot;:591,&quot;conditions&quot;:[],&quot;settings&quot;:{&quot;animation&quot;:&quot;yes&quot;,&quot;animation_intime&quot;:200,&quot;animation_outtime&quot;:200,&quot;conditions_ui&quot;:&quot;normal&quot;,&quot;notice_dismissed&quot;:false,&quot;notice_dismissed_rollback-cf7-5.9.3&quot;:true}}\" \/><input type=\"hidden\" name=\"redirect_nonce\" value=\"b48ba72515\" \/><input type=\"hidden\" name=\"wpcf7cfpdf_hidden_name\" value=\"document-pdf\" \/><input type=\"hidden\" name=\"wpcf7cfpdf_hidden_reference\" value=\"4b5adbb6\" \/><input type=\"hidden\" name=\"wpcf7cfpdf_hidden_date\" value=\"04082026\" \/>\n<\/fieldset>\n<p><span class=\"wpcf7-form-control-wrap\" data-name=\"full-name\"><input size=\"40\" maxlength=\"400\" class=\"wpcf7-form-control wpcf7-text wpcf7-validates-as-required\" aria-required=\"true\" aria-invalid=\"false\" placeholder=\"Vollst\u00e4ndiger Name\" value=\"\" type=\"text\" name=\"full-name\" \/><\/span><span class=\"wpcf7-form-control-wrap\" data-name=\"email\"><input size=\"40\" maxlength=\"400\" class=\"wpcf7-form-control wpcf7-email wpcf7-validates-as-required wpcf7-text wpcf7-validates-as-email\" aria-required=\"true\" aria-invalid=\"false\" placeholder=\"E-Mail-Adresse\" value=\"\" type=\"email\" name=\"email\" \/><\/span><span class=\"wpcf7-form-control-wrap\" data-name=\"phone\"><input size=\"40\" maxlength=\"400\" class=\"wpcf7-form-control wpcf7-tel wpcf7-text wpcf7-validates-as-tel\" aria-invalid=\"false\" placeholder=\"Telefonnummer\" value=\"\" type=\"tel\" name=\"phone\" \/><\/span><span class=\"wpcf7-form-control-wrap\" data-name=\"message\"><textarea cols=\"40\" rows=\"10\" maxlength=\"2000\" class=\"wpcf7-form-control wpcf7-textarea\" aria-invalid=\"false\" placeholder=\"Nachricht\" name=\"message\"><\/textarea><\/span><input class=\"wpcf7-form-control wpcf7-submit has-spinner\" type=\"submit\" value=\"Senden\" \/>\n<\/p><p style=\"display: none !important;\" class=\"akismet-fields-container\" data-prefix=\"_wpcf7_ak_\"><label>&#916;<textarea name=\"_wpcf7_ak_hp_textarea\" cols=\"45\" rows=\"8\" maxlength=\"100\"><\/textarea><\/label><input type=\"hidden\" id=\"ak_js_1\" name=\"_wpcf7_ak_js\" value=\"93\"\/><script>document.getElementById( \"ak_js_1\" ).setAttribute( \"value\", ( new Date() ).getTime() );<\/script><\/p><div class=\"wpcf7-response-output\" aria-hidden=\"true\"><\/div>\n<\/form>\n<\/div>\n<\/div>\n\t\t\t\t\t\t<\/div>\n\t\t\t\t<\/div>\n\t\t\t\t\t<\/div>\n\t\t<\/div>\n\t\t\t\t\t<\/div>\n\t\t<\/section>\n\t\t\t\t<\/div>\n\t\t","protected":false},"excerpt":{"rendered":"<p>Wenn Sie ein Auto reservieren m\u00f6chten, klicken Sie hier. Unser B\u00fcro befindet sich in der N\u00e4he der Tankstelle, gegen\u00fcber dem Internationalen Flughafen der Seychellen (SEZ) auf Mah\u00e9. Navigieren Sie mit zu unserem B\u00fcro okap.cars@gmail.com +248 251 2721 +248 264 1974 WhatsApp Chat 1 WhatsApp Chat 2<\/p>\n","protected":false},"author":1,"featured_media":0,"parent":0,"menu_order":0,"comment_status":"closed","ping_status":"closed","template":"","meta":{"footnotes":""},"class_list":["post-642","page","type-page","status-publish","hentry","wpbf-post"],"yoast_head":"<!-- This site is optimized with the Yoast SEO plugin v27.1 - https:\/\/yoast.com\/product\/yoast-seo-wordpress\/ -->\n<title>Okap Cars kontaktieren &#8211; Okap Cars<\/title>\n<meta name=\"description\" content=\"Explore the beauty of Seychelles with Okap Car Rentals, we have options for everyone, from couples to families, with affordable prices and friendly service.\" \/>\n<meta name=\"robots\" content=\"index, follow, max-snippet:-1, max-image-preview:large, max-video-preview:-1\" \/>\n<link rel=\"canonical\" href=\"https:\/\/www.okap.sc\/contact\/\" \/>\n<meta property=\"og:locale\" content=\"de_DE\" \/>\n<meta property=\"og:type\" content=\"article\" \/>\n<meta property=\"og:title\" content=\"Okap Cars kontaktieren &#8211; Okap Cars\" \/>\n<meta property=\"og:description\" content=\"Explore the beauty of Seychelles with Okap Car Rentals, we have options for everyone, from couples to families, with affordable prices and friendly service.\" \/>\n<meta property=\"og:url\" content=\"https:\/\/www.okap.sc\/contact\/\" \/>\n<meta property=\"og:site_name\" content=\"Okap Cars\" \/>\n<meta property=\"article:modified_time\" content=\"2023-08-21T09:59:03+00:00\" \/>\n<meta property=\"og:image\" content=\"https:\/\/www.okap.sc\/wp-content\/uploads\/2018\/10\/waze-logo.svg\" \/>\n<meta name=\"twitter:card\" content=\"summary_large_image\" \/>\n<meta name=\"twitter:label1\" content=\"Gesch\u00e4tzte Lesezeit\" \/>\n\t<meta name=\"twitter:data1\" content=\"1\u00a0Minute\" \/>\n<script type=\"application\/ld+json\" class=\"yoast-schema-graph\">{\"@context\":\"https:\/\/schema.org\",\"@graph\":[{\"@type\":\"WebPage\",\"@id\":\"https:\/\/www.okap.sc\/contact\/\",\"url\":\"https:\/\/www.okap.sc\/contact\/\",\"name\":\"Okap Cars kontaktieren &#8211; Okap Cars\",\"isPartOf\":{\"@id\":\"https:\/\/www.okap.sc\/#website\"},\"primaryImageOfPage\":{\"@id\":\"https:\/\/www.okap.sc\/contact\/#primaryimage\"},\"image\":{\"@id\":\"https:\/\/www.okap.sc\/contact\/#primaryimage\"},\"thumbnailUrl\":\"https:\/\/okap.sc\/wp-content\/uploads\/2018\/10\/waze-logo.svg\",\"datePublished\":\"2019-07-26T18:01:02+00:00\",\"dateModified\":\"2023-08-21T09:59:03+00:00\",\"description\":\"Explore the beauty of Seychelles with Okap Car Rentals, we have options for everyone, from couples to families, with affordable prices and friendly service.\",\"breadcrumb\":{\"@id\":\"https:\/\/www.okap.sc\/contact\/#breadcrumb\"},\"inLanguage\":\"de\",\"potentialAction\":[{\"@type\":\"ReadAction\",\"target\":[\"https:\/\/www.okap.sc\/contact\/\"]}]},{\"@type\":\"ImageObject\",\"inLanguage\":\"de\",\"@id\":\"https:\/\/www.okap.sc\/contact\/#primaryimage\",\"url\":\"https:\/\/okap.sc\/wp-content\/uploads\/2018\/10\/waze-logo.svg\",\"contentUrl\":\"https:\/\/okap.sc\/wp-content\/uploads\/2018\/10\/waze-logo.svg\"},{\"@type\":\"BreadcrumbList\",\"@id\":\"https:\/\/www.okap.sc\/contact\/#breadcrumb\",\"itemListElement\":[{\"@type\":\"ListItem\",\"position\":1,\"name\":\"Home\",\"item\":\"https:\/\/www.okap.sc\/\"},{\"@type\":\"ListItem\",\"position\":2,\"name\":\"Okap Cars kontaktieren\"}]},{\"@type\":\"WebSite\",\"@id\":\"https:\/\/www.okap.sc\/#website\",\"url\":\"https:\/\/www.okap.sc\/\",\"name\":\"Okap Cars\",\"description\":\"Seychelles Car Rental\",\"publisher\":{\"@id\":\"https:\/\/www.okap.sc\/#organization\"},\"potentialAction\":[{\"@type\":\"SearchAction\",\"target\":{\"@type\":\"EntryPoint\",\"urlTemplate\":\"https:\/\/www.okap.sc\/?s={search_term_string}\"},\"query-input\":{\"@type\":\"PropertyValueSpecification\",\"valueRequired\":true,\"valueName\":\"search_term_string\"}}],\"inLanguage\":\"de\"},{\"@type\":\"Organization\",\"@id\":\"https:\/\/www.okap.sc\/#organization\",\"name\":\"Okap Cars\",\"alternateName\":\"Okap Car Hire\",\"url\":\"https:\/\/www.okap.sc\/\",\"logo\":{\"@type\":\"ImageObject\",\"inLanguage\":\"de\",\"@id\":\"https:\/\/www.okap.sc\/#\/schema\/logo\/image\/\",\"url\":\"https:\/\/okap.sc\/wp-content\/uploads\/2018\/10\/okap-logo.png\",\"contentUrl\":\"https:\/\/okap.sc\/wp-content\/uploads\/2018\/10\/okap-logo.png\",\"width\":200,\"height\":78,\"caption\":\"Okap Cars\"},\"image\":{\"@id\":\"https:\/\/www.okap.sc\/#\/schema\/logo\/image\/\"}}]}<\/script>\n<!-- \/ Yoast SEO plugin. -->","yoast_head_json":{"title":"Okap Cars kontaktieren &#8211; Okap Cars","description":"Explore the beauty of Seychelles with Okap Car Rentals, we have options for everyone, from couples to families, with affordable prices and friendly service.","robots":{"index":"index","follow":"follow","max-snippet":"max-snippet:-1","max-image-preview":"max-image-preview:large","max-video-preview":"max-video-preview:-1"},"canonical":"https:\/\/www.okap.sc\/contact\/","og_locale":"de_DE","og_type":"article","og_title":"Okap Cars kontaktieren &#8211; Okap Cars","og_description":"Explore the beauty of Seychelles with Okap Car Rentals, we have options for everyone, from couples to families, with affordable prices and friendly service.","og_url":"https:\/\/www.okap.sc\/contact\/","og_site_name":"Okap Cars","article_modified_time":"2023-08-21T09:59:03+00:00","og_image":[{"url":"https:\/\/www.okap.sc\/wp-content\/uploads\/2018\/10\/waze-logo.svg","type":"","width":"","height":""}],"twitter_card":"summary_large_image","twitter_misc":{"Gesch\u00e4tzte Lesezeit":"1\u00a0Minute"},"schema":{"@context":"https:\/\/schema.org","@graph":[{"@type":"WebPage","@id":"https:\/\/www.okap.sc\/contact\/","url":"https:\/\/www.okap.sc\/contact\/","name":"Okap Cars kontaktieren &#8211; Okap Cars","isPartOf":{"@id":"https:\/\/www.okap.sc\/#website"},"primaryImageOfPage":{"@id":"https:\/\/www.okap.sc\/contact\/#primaryimage"},"image":{"@id":"https:\/\/www.okap.sc\/contact\/#primaryimage"},"thumbnailUrl":"https:\/\/okap.sc\/wp-content\/uploads\/2018\/10\/waze-logo.svg","datePublished":"2019-07-26T18:01:02+00:00","dateModified":"2023-08-21T09:59:03+00:00","description":"Explore the beauty of Seychelles with Okap Car Rentals, we have options for everyone, from couples to families, with affordable prices and friendly service.","breadcrumb":{"@id":"https:\/\/www.okap.sc\/contact\/#breadcrumb"},"inLanguage":"de","potentialAction":[{"@type":"ReadAction","target":["https:\/\/www.okap.sc\/contact\/"]}]},{"@type":"ImageObject","inLanguage":"de","@id":"https:\/\/www.okap.sc\/contact\/#primaryimage","url":"https:\/\/okap.sc\/wp-content\/uploads\/2018\/10\/waze-logo.svg","contentUrl":"https:\/\/okap.sc\/wp-content\/uploads\/2018\/10\/waze-logo.svg"},{"@type":"BreadcrumbList","@id":"https:\/\/www.okap.sc\/contact\/#breadcrumb","itemListElement":[{"@type":"ListItem","position":1,"name":"Home","item":"https:\/\/www.okap.sc\/"},{"@type":"ListItem","position":2,"name":"Okap Cars kontaktieren"}]},{"@type":"WebSite","@id":"https:\/\/www.okap.sc\/#website","url":"https:\/\/www.okap.sc\/","name":"Okap Cars","description":"Seychelles Car Rental","publisher":{"@id":"https:\/\/www.okap.sc\/#organization"},"potentialAction":[{"@type":"SearchAction","target":{"@type":"EntryPoint","urlTemplate":"https:\/\/www.okap.sc\/?s={search_term_string}"},"query-input":{"@type":"PropertyValueSpecification","valueRequired":true,"valueName":"search_term_string"}}],"inLanguage":"de"},{"@type":"Organization","@id":"https:\/\/www.okap.sc\/#organization","name":"Okap Cars","alternateName":"Okap Car Hire","url":"https:\/\/www.okap.sc\/","logo":{"@type":"ImageObject","inLanguage":"de","@id":"https:\/\/www.okap.sc\/#\/schema\/logo\/image\/","url":"https:\/\/okap.sc\/wp-content\/uploads\/2018\/10\/okap-logo.png","contentUrl":"https:\/\/okap.sc\/wp-content\/uploads\/2018\/10\/okap-logo.png","width":200,"height":78,"caption":"Okap Cars"},"image":{"@id":"https:\/\/www.okap.sc\/#\/schema\/logo\/image\/"}}]}},"_links":{"self":[{"href":"https:\/\/okap.sc\/de\/wp-json\/wp\/v2\/pages\/642","targetHints":{"allow":["GET"]}}],"collection":[{"href":"https:\/\/okap.sc\/de\/wp-json\/wp\/v2\/pages"}],"about":[{"href":"https:\/\/okap.sc\/de\/wp-json\/wp\/v2\/types\/page"}],"author":[{"embeddable":true,"href":"https:\/\/okap.sc\/de\/wp-json\/wp\/v2\/users\/1"}],"replies":[{"embeddable":true,"href":"https:\/\/okap.sc\/de\/wp-json\/wp\/v2\/comments?post=642"}],"version-history":[{"count":3,"href":"https:\/\/okap.sc\/de\/wp-json\/wp\/v2\/pages\/642\/revisions"}],"predecessor-version":[{"id":957,"href":"https:\/\/okap.sc\/de\/wp-json\/wp\/v2\/pages\/642\/revisions\/957"}],"wp:attachment":[{"href":"https:\/\/okap.sc\/de\/wp-json\/wp\/v2\/media?parent=642"}],"curies":[{"name":"wp","href":"https:\/\/api.w.org\/{rel}","templated":true}]}}