{"id":804,"date":"2019-08-12T21:47:38","date_gmt":"2019-08-12T17:47:38","guid":{"rendered":"https:\/\/okap.sc\/conditions-de-location-de-voiture\/"},"modified":"2023-08-21T14:32:01","modified_gmt":"2023-08-21T10:32:01","slug":"conditions-de-location-de-voiture","status":"publish","type":"page","link":"https:\/\/okap.sc\/fr\/conditions-de-location-de-voiture\/","title":{"rendered":"Conditions de location de voiture"},"content":{"rendered":"\t\t<div data-elementor-type=\"wp-post\" data-elementor-id=\"804\" class=\"elementor elementor-804\" data-elementor-post-type=\"page\">\n\t\t\t\t\t\t<section class=\"elementor-section elementor-top-section elementor-element elementor-element-2f002a4 elementor-section-boxed elementor-section-height-default elementor-section-height-default\" data-id=\"2f002a4\" data-element_type=\"section\">\n\t\t\t\t\t\t<div class=\"elementor-container elementor-column-gap-default\">\n\t\t\t\t\t<div class=\"elementor-column elementor-col-100 elementor-top-column elementor-element elementor-element-5004904\" data-id=\"5004904\" data-element_type=\"column\">\n\t\t\t<div class=\"elementor-widget-wrap elementor-element-populated\">\n\t\t\t\t\t\t<div class=\"elementor-element elementor-element-4f31d6a elementor-widget elementor-widget-heading\" data-id=\"4f31d6a\" data-element_type=\"widget\" data-widget_type=\"heading.default\">\n\t\t\t\t<div class=\"elementor-widget-container\">\n\t\t\t\t\t<h2 class=\"elementor-heading-title elementor-size-default\">G\u00e9n\u00e9ral <\/h2>\t\t\t\t<\/div>\n\t\t\t\t<\/div>\n\t\t\t\t<div class=\"elementor-element elementor-element-46d5584 elementor-widget elementor-widget-text-editor\" data-id=\"46d5584\" data-element_type=\"widget\" data-widget_type=\"text-editor.default\">\n\t\t\t\t<div class=\"elementor-widget-container\">\n\t\t\t\t\t\t\t\t\t<ol>\r\n \t<li>Location de voiture pour un minimum de trois jours comprend:\r\n<ul>\r\n \t<li>2 conducteurs avec permis de conduire en cours de validit\u00e9, \u00e2ge minimum requis : 22 ans et 2 ans d&rsquo;exp\u00e9rience de conduite.<\/li>\r\n \t<li>Livraison gratuite et r\u00e9cup\u00e9ration \u00e0 la jet\u00e9e et \u00e0 l&rsquo;a\u00e9roport<\/li>\r\n \t<li>Livraison gratuite pour la plupart des h\u00f4tels<\/li>\r\n \t<li>Kilom\u00e9trage illimit\u00e9<\/li>\r\n \t<li>Toutes taxes comprises<\/li>\r\n<\/ul>\r\n<\/li>\r\n \t<li>Les r\u00e9servations d\u2019un jour ne sont accept\u00e9es que sous r\u00e9serve de disponibilit\u00e9 des clients revenant de Praslin ou de La Digue (deuxi\u00e8me r\u00e9servation).<\/li>\r\n \t<li>Nous n&rsquo;acceptons plus les r\u00e9servations des clients des navires de croisi\u00e8re.<\/li>\r\n \t<li>Les v\u00e9hicules doivent \u00eatre rendus propres et rang\u00e9s, sinon des frais de nettoyage minimum de \u20ac30 seront factur\u00e9s.<\/li>\r\n \t<li>Les pneus crev\u00e9s doivent \u00eatre chang\u00e9s par le client avec un pneu de secours fourni dans le coffre de la voiture. Nous pouvons offrir ce service moyennant des frais suppl\u00e9mentaires. Veuillez signaler tous les pneus crev\u00e9s afin que nous puissions les remplacer. S&rsquo;il s&rsquo;agit d&rsquo;une crevaison normale, nous ne facturons pas les dommages, mais si le pneu est d\u00e9chir\u00e9, des frais sont factur\u00e9s pour le remplacer.<\/li>\r\n \t<li>Les v\u00e9hicules rendus apr\u00e8s 9h00 seront factur\u00e9s au tarif journalier complet ; les v\u00e9hicules rendus avant 9h00 ne seront pas factur\u00e9s pour cette journ\u00e9e.<\/li>\r\n \t<li>Les paiements peuvent \u00eatre effectu\u00e9s en esp\u00e8ces, en euros, en dollars am\u00e9ricains ou SCR ou par carte de cr\u00e9dit, avec un suppl\u00e9ment bancaire de 3% si vous payez avec Visa ou MasterCard et un suppl\u00e9ment bancaire de 5% pour American Express.<\/li>\r\n<\/ol>\t\t\t\t\t\t\t\t<\/div>\n\t\t\t\t<\/div>\n\t\t\t\t<div class=\"elementor-element elementor-element-f047c8e elementor-widget elementor-widget-heading\" data-id=\"f047c8e\" data-element_type=\"widget\" data-widget_type=\"heading.default\">\n\t\t\t\t<div class=\"elementor-widget-container\">\n\t\t\t\t\t<h2 class=\"elementor-heading-title elementor-size-default\">Assurance<\/h2>\t\t\t\t<\/div>\n\t\t\t\t<\/div>\n\t\t\t\t<div class=\"elementor-element elementor-element-1e71123 elementor-widget elementor-widget-text-editor\" data-id=\"1e71123\" data-element_type=\"widget\" data-widget_type=\"text-editor.default\">\n\t\t\t\t<div class=\"elementor-widget-container\">\n\t\t\t\t\t\t\t\t\t<ol>\n<li>La couverture d&rsquo;assurance collision sans franchise (CDW) est comprise dans le tarif de location, ce qui limite votre responsabilit\u00e9 financi\u00e8re en cas de dommages, avec un exc\u00e9dent de 500 \u20ac pour les voitures compactes ou de 1200 \u20ac pour les SUV. Cela signifie que si vous louez un v\u00e9hicule et le v\u00e9hicule est endommag\u00e9 lors de votre prise en charge, vous \u00eates redevable des premiers 500 \u20ac ou 1200 \u20ac et nous couvrons tout montant sup\u00e9rieur \u00e0 celui-ci.<\/li>\n<li>Une carte de cr\u00e9dit doit \u00eatre fournie pour garantir le surplus d&rsquo;assurance.<\/li>\n<li>Nous ne bloquons aucun d\u00e9p\u00f4t pour l&rsquo;exc\u00e9dent et nous ne facturons pas non plus le d\u00e9p\u00f4t sur la carte de cr\u00e9dit fournie. Le locataire doit disposer des fonds n\u00e9cessaires au cas o\u00f9 des dommages seraient caus\u00e9s \u00e0 la voiture.<\/li>\n<li>Toutes les voitures sont assur\u00e9es aupr\u00e8s d\u2019une assurance responsabilit\u00e9 civile couvrant l\u2019autre partie en cas d\u2019accident.<\/li>\n<li>Les dommages caus\u00e9s par la conduite en \u00e9tat d&rsquo;\u00e9bri\u00e9t\u00e9, la n\u00e9gligence grave, le non-respect des conditions de location ou toute autre activit\u00e9 ill\u00e9gale sont exclus de la couverture d&rsquo;assurance. Le locataire sera enti\u00e8rement responsable des dommages caus\u00e9s \u00e0 la voiture &#8211; l&rsquo;exc\u00e9dent ne sera pas applicable.<\/li>\n<li>Les dommages au bas du v\u00e9hicule, la perte ou dommage aux cl\u00e9s de voiture, les dommages aux pneus ou \u00e0 la vitre (vitres, pare-brise, etc.) ne sont pas compris dans la couverture d&rsquo;assurance et seront d\u00e9duits de l&rsquo;exc\u00e9dent.<\/li>\n<\/ol>\t\t\t\t\t\t\t\t<\/div>\n\t\t\t\t<\/div>\n\t\t\t\t\t<\/div>\n\t\t<\/div>\n\t\t\t\t\t<\/div>\n\t\t<\/section>\n\t\t\t\t<\/div>\n\t\t","protected":false},"excerpt":{"rendered":"<p>G\u00e9n\u00e9ral Location de voiture pour un minimum de trois jours comprend: 2 conducteurs avec permis de conduire en cours de validit\u00e9, \u00e2ge minimum requis : 22 ans et 2 ans d&rsquo;exp\u00e9rience de conduite. Livraison gratuite et r\u00e9cup\u00e9ration \u00e0 la jet\u00e9e et \u00e0 l&rsquo;a\u00e9roport Livraison gratuite pour la plupart des h\u00f4tels Kilom\u00e9trage illimit\u00e9 Toutes taxes comprises [&hellip;]<\/p>\n","protected":false},"author":1,"featured_media":0,"parent":0,"menu_order":0,"comment_status":"closed","ping_status":"closed","template":"","meta":{"footnotes":""},"class_list":["post-804","page","type-page","status-publish","hentry","wpbf-post"],"yoast_head":"<!-- This site is optimized with the Yoast SEO plugin v27.1 - https:\/\/yoast.com\/product\/yoast-seo-wordpress\/ -->\n<title>Conditions de location de voiture &#8211; Okap Cars<\/title>\n<meta name=\"description\" content=\"Explore the beauty of Seychelles with Okap Car Rentals, we have options for everyone, from couples to families, with affordable prices and friendly service.\" \/>\n<meta name=\"robots\" content=\"index, follow, max-snippet:-1, max-image-preview:large, max-video-preview:-1\" \/>\n<link rel=\"canonical\" href=\"https:\/\/www.okap.sc\/car-rental-terms\/\" \/>\n<meta property=\"og:locale\" content=\"fr_FR\" \/>\n<meta property=\"og:type\" content=\"article\" \/>\n<meta property=\"og:title\" content=\"Conditions de location de voiture &#8211; Okap Cars\" \/>\n<meta property=\"og:description\" content=\"Explore the beauty of Seychelles with Okap Car Rentals, we have options for everyone, from couples to families, with affordable prices and friendly service.\" \/>\n<meta property=\"og:url\" content=\"https:\/\/www.okap.sc\/car-rental-terms\/\" \/>\n<meta property=\"og:site_name\" content=\"Okap Cars\" \/>\n<meta property=\"article:modified_time\" content=\"2023-08-21T10:32:01+00:00\" \/>\n<meta name=\"twitter:card\" content=\"summary_large_image\" \/>\n<meta name=\"twitter:label1\" content=\"Dur\u00e9e de lecture estim\u00e9e\" \/>\n\t<meta name=\"twitter:data1\" content=\"3 minutes\" \/>\n<script type=\"application\/ld+json\" class=\"yoast-schema-graph\">{\"@context\":\"https:\/\/schema.org\",\"@graph\":[{\"@type\":\"WebPage\",\"@id\":\"https:\/\/www.okap.sc\/car-rental-terms\/\",\"url\":\"https:\/\/www.okap.sc\/car-rental-terms\/\",\"name\":\"Conditions de location de voiture &#8211; Okap Cars\",\"isPartOf\":{\"@id\":\"https:\/\/www.okap.sc\/#website\"},\"datePublished\":\"2019-08-12T17:47:38+00:00\",\"dateModified\":\"2023-08-21T10:32:01+00:00\",\"description\":\"Explore the beauty of Seychelles with Okap Car Rentals, we have options for everyone, from couples to families, with affordable prices and friendly service.\",\"breadcrumb\":{\"@id\":\"https:\/\/www.okap.sc\/car-rental-terms\/#breadcrumb\"},\"inLanguage\":\"fr-FR\",\"potentialAction\":[{\"@type\":\"ReadAction\",\"target\":[\"https:\/\/www.okap.sc\/car-rental-terms\/\"]}]},{\"@type\":\"BreadcrumbList\",\"@id\":\"https:\/\/www.okap.sc\/car-rental-terms\/#breadcrumb\",\"itemListElement\":[{\"@type\":\"ListItem\",\"position\":1,\"name\":\"Home\",\"item\":\"https:\/\/www.okap.sc\/fr\/\"},{\"@type\":\"ListItem\",\"position\":2,\"name\":\"Conditions de location de voiture\"}]},{\"@type\":\"WebSite\",\"@id\":\"https:\/\/www.okap.sc\/#website\",\"url\":\"https:\/\/www.okap.sc\/\",\"name\":\"Okap Cars\",\"description\":\"Seychelles Car Rental\",\"publisher\":{\"@id\":\"https:\/\/www.okap.sc\/#organization\"},\"potentialAction\":[{\"@type\":\"SearchAction\",\"target\":{\"@type\":\"EntryPoint\",\"urlTemplate\":\"https:\/\/www.okap.sc\/?s={search_term_string}\"},\"query-input\":{\"@type\":\"PropertyValueSpecification\",\"valueRequired\":true,\"valueName\":\"search_term_string\"}}],\"inLanguage\":\"fr-FR\"},{\"@type\":\"Organization\",\"@id\":\"https:\/\/www.okap.sc\/#organization\",\"name\":\"Okap Cars\",\"alternateName\":\"Okap Car Hire\",\"url\":\"https:\/\/www.okap.sc\/\",\"logo\":{\"@type\":\"ImageObject\",\"inLanguage\":\"fr-FR\",\"@id\":\"https:\/\/www.okap.sc\/#\/schema\/logo\/image\/\",\"url\":\"https:\/\/okap.sc\/wp-content\/uploads\/2018\/10\/okap-logo.png\",\"contentUrl\":\"https:\/\/okap.sc\/wp-content\/uploads\/2018\/10\/okap-logo.png\",\"width\":200,\"height\":78,\"caption\":\"Okap Cars\"},\"image\":{\"@id\":\"https:\/\/www.okap.sc\/#\/schema\/logo\/image\/\"}}]}<\/script>\n<!-- \/ Yoast SEO plugin. -->","yoast_head_json":{"title":"Conditions de location de voiture &#8211; Okap Cars","description":"Explore the beauty of Seychelles with Okap Car Rentals, we have options for everyone, from couples to families, with affordable prices and friendly service.","robots":{"index":"index","follow":"follow","max-snippet":"max-snippet:-1","max-image-preview":"max-image-preview:large","max-video-preview":"max-video-preview:-1"},"canonical":"https:\/\/www.okap.sc\/car-rental-terms\/","og_locale":"fr_FR","og_type":"article","og_title":"Conditions de location de voiture &#8211; Okap Cars","og_description":"Explore the beauty of Seychelles with Okap Car Rentals, we have options for everyone, from couples to families, with affordable prices and friendly service.","og_url":"https:\/\/www.okap.sc\/car-rental-terms\/","og_site_name":"Okap Cars","article_modified_time":"2023-08-21T10:32:01+00:00","twitter_card":"summary_large_image","twitter_misc":{"Dur\u00e9e de lecture estim\u00e9e":"3 minutes"},"schema":{"@context":"https:\/\/schema.org","@graph":[{"@type":"WebPage","@id":"https:\/\/www.okap.sc\/car-rental-terms\/","url":"https:\/\/www.okap.sc\/car-rental-terms\/","name":"Conditions de location de voiture &#8211; Okap Cars","isPartOf":{"@id":"https:\/\/www.okap.sc\/#website"},"datePublished":"2019-08-12T17:47:38+00:00","dateModified":"2023-08-21T10:32:01+00:00","description":"Explore the beauty of Seychelles with Okap Car Rentals, we have options for everyone, from couples to families, with affordable prices and friendly service.","breadcrumb":{"@id":"https:\/\/www.okap.sc\/car-rental-terms\/#breadcrumb"},"inLanguage":"fr-FR","potentialAction":[{"@type":"ReadAction","target":["https:\/\/www.okap.sc\/car-rental-terms\/"]}]},{"@type":"BreadcrumbList","@id":"https:\/\/www.okap.sc\/car-rental-terms\/#breadcrumb","itemListElement":[{"@type":"ListItem","position":1,"name":"Home","item":"https:\/\/www.okap.sc\/fr\/"},{"@type":"ListItem","position":2,"name":"Conditions de location de voiture"}]},{"@type":"WebSite","@id":"https:\/\/www.okap.sc\/#website","url":"https:\/\/www.okap.sc\/","name":"Okap Cars","description":"Seychelles Car Rental","publisher":{"@id":"https:\/\/www.okap.sc\/#organization"},"potentialAction":[{"@type":"SearchAction","target":{"@type":"EntryPoint","urlTemplate":"https:\/\/www.okap.sc\/?s={search_term_string}"},"query-input":{"@type":"PropertyValueSpecification","valueRequired":true,"valueName":"search_term_string"}}],"inLanguage":"fr-FR"},{"@type":"Organization","@id":"https:\/\/www.okap.sc\/#organization","name":"Okap Cars","alternateName":"Okap Car Hire","url":"https:\/\/www.okap.sc\/","logo":{"@type":"ImageObject","inLanguage":"fr-FR","@id":"https:\/\/www.okap.sc\/#\/schema\/logo\/image\/","url":"https:\/\/okap.sc\/wp-content\/uploads\/2018\/10\/okap-logo.png","contentUrl":"https:\/\/okap.sc\/wp-content\/uploads\/2018\/10\/okap-logo.png","width":200,"height":78,"caption":"Okap Cars"},"image":{"@id":"https:\/\/www.okap.sc\/#\/schema\/logo\/image\/"}}]}},"_links":{"self":[{"href":"https:\/\/okap.sc\/fr\/wp-json\/wp\/v2\/pages\/804","targetHints":{"allow":["GET"]}}],"collection":[{"href":"https:\/\/okap.sc\/fr\/wp-json\/wp\/v2\/pages"}],"about":[{"href":"https:\/\/okap.sc\/fr\/wp-json\/wp\/v2\/types\/page"}],"author":[{"embeddable":true,"href":"https:\/\/okap.sc\/fr\/wp-json\/wp\/v2\/users\/1"}],"replies":[{"embeddable":true,"href":"https:\/\/okap.sc\/fr\/wp-json\/wp\/v2\/comments?post=804"}],"version-history":[{"count":5,"href":"https:\/\/okap.sc\/fr\/wp-json\/wp\/v2\/pages\/804\/revisions"}],"predecessor-version":[{"id":1005,"href":"https:\/\/okap.sc\/fr\/wp-json\/wp\/v2\/pages\/804\/revisions\/1005"}],"wp:attachment":[{"href":"https:\/\/okap.sc\/fr\/wp-json\/wp\/v2\/media?parent=804"}],"curies":[{"name":"wp","href":"https:\/\/api.w.org\/{rel}","templated":true}]}}